{"id":398,"date":"2024-12-31T13:18:56","date_gmt":"2024-12-31T12:18:56","guid":{"rendered":"https:\/\/miradainterna.com\/contacte\/"},"modified":"2025-01-22T17:35:18","modified_gmt":"2025-01-22T16:35:18","slug":"contacte","status":"publish","type":"page","link":"https:\/\/miradainterna.com\/ca\/contacte\/","title":{"rendered":"Contacte"},"content":{"rendered":"\t\t<div data-elementor-type=\"wp-page\" data-elementor-id=\"398\" class=\"elementor elementor-398 elementor-60\" data-elementor-post-type=\"page\">\n\t\t\t\t<div class=\"elementor-element elementor-element-2e5b6ec e-flex e-con-boxed e-con e-parent\" data-id=\"2e5b6ec\" data-element_type=\"container\" data-e-type=\"container\">\n\t\t\t\t\t<div class=\"e-con-inner\">\n\t\t\t\t<div class=\"elementor-element elementor-element-311c390b elementor-widget elementor-widget-heading\" data-id=\"311c390b\" data-element_type=\"widget\" data-e-type=\"widget\" data-widget_type=\"heading.default\">\n\t\t\t\t<div class=\"elementor-widget-container\">\n\t\t\t\t\t<h2 class=\"elementor-heading-title elementor-size-default\">Contacte<\/h2>\t\t\t\t<\/div>\n\t\t\t\t<\/div>\n\t\t\t\t\t<\/div>\n\t\t\t\t<\/div>\n\t\t<div class=\"elementor-element elementor-element-206f3e e-flex e-con-boxed e-con e-parent\" data-id=\"206f3e\" data-element_type=\"container\" data-e-type=\"container\">\n\t\t\t\t\t<div class=\"e-con-inner\">\n\t\t\t\t<div class=\"elementor-element elementor-element-27e58e52 parrafo-altura elementor-widget elementor-widget-text-editor\" data-id=\"27e58e52\" data-element_type=\"widget\" data-e-type=\"widget\" data-widget_type=\"text-editor.default\">\n\t\t\t\t<div class=\"elementor-widget-container\">\n\t\t\t\t\t\t\t\t\t<p>Tens algun dubte o t&#8217;agradaria saber-ne m\u00e9s sobre nosaltres? Som aqu\u00ed per ajudar-te. Ja sigui que cerquis una consulta personalitzada, m\u00e9s informaci\u00f3 sobre el nostre m\u00f3n ocultista o simplement vulguis parlar sobre com millorar el teu benestar espiritual, no dubtis a contactar-nos.  <\/p>\n<p>Pots posar-te en contacte amb nosaltres a trav\u00e9s dels seg\u00fcents mitjans<\/p>\n\t\t\t\t\t\t\t\t<\/div>\n\t\t\t\t<\/div>\n\t\t\t\t<div class=\"elementor-element elementor-element-8977501 parrafo-altura elementor-widget elementor-widget-text-editor\" data-id=\"8977501\" data-element_type=\"widget\" data-e-type=\"widget\" data-widget_type=\"text-editor.default\">\n\t\t\t\t<div class=\"elementor-widget-container\">\n\t\t\t\t\t\t\t\t\t<p>Correu electr\u00f2nic<\/p>\n<p><a href=\"mailto:hola@miradainterna.com\">hola@miradainterna.com<\/a><\/p>\n\t\t\t\t\t\t\t\t<\/div>\n\t\t\t\t<\/div>\n\t\t\t\t<div class=\"elementor-element elementor-element-b6d7b34 parrafo-altura elementor-widget elementor-widget-text-editor\" data-id=\"b6d7b34\" data-element_type=\"widget\" data-e-type=\"widget\" data-widget_type=\"text-editor.default\">\n\t\t\t\t<div class=\"elementor-widget-container\">\n\t\t\t\t\t\t\t\t\t<p>WhatsApp<\/p>\n<p><a href=\"https:\/\/wa.me\/34623924732\">+34 623 92 47 32<\/a><\/p>\n\t\t\t\t\t\t\t\t<\/div>\n\t\t\t\t<\/div>\n\t\t\t\t\t<\/div>\n\t\t\t\t<\/div>\n\t\t<div class=\"elementor-element elementor-element-5b89e470 e-flex e-con-boxed e-con e-parent\" data-id=\"5b89e470\" data-element_type=\"container\" data-e-type=\"container\">\n\t\t\t\t\t<div class=\"e-con-inner\">\n\t\t\t\t<div class=\"elementor-element elementor-element-1dcdafd3 parrafo-altura elementor-widget elementor-widget-text-editor\" data-id=\"1dcdafd3\" data-element_type=\"widget\" data-e-type=\"widget\" data-widget_type=\"text-editor.default\">\n\t\t\t\t<div class=\"elementor-widget-container\">\n\t\t\t\t\t\t\t\t\t<p><strong>Completa el seg\u00fcent formulari i et respondrem el m\u00e9s aviat possible<\/strong><\/p>\n\t\t\t\t\t\t\t\t<\/div>\n\t\t\t\t<\/div>\n\t\t\t\t<div class=\"elementor-element elementor-element-14074d4 elementor-button-align-center formulario-centrado elementor-widget elementor-widget-form\" data-id=\"14074d4\" data-element_type=\"widget\" data-e-type=\"widget\" data-settings=\"{&quot;step_next_label&quot;:&quot;Seg\\u00fcent&quot;,&quot;step_previous_label&quot;:&quot;Anterior&quot;,&quot;step_type&quot;:&quot;number_text&quot;,&quot;step_icon_shape&quot;:&quot;circle&quot;}\" data-widget_type=\"form.default\">\n\t\t\t\t<div class=\"elementor-widget-container\">\n\t\t\t\t\t\t\t<form class=\"elementor-form\" method=\"post\" name=\"Nou formulari\" aria-label=\"Nou formulari\">\n\t\t\t<input type=\"hidden\" name=\"post_id\" value=\"398\"\/>\n\t\t\t<input type=\"hidden\" name=\"form_id\" value=\"14074d4\"\/>\n\t\t\t<input type=\"hidden\" name=\"referer_title\" value=\"Contacte - Mirada Interna\" \/>\n\n\t\t\t\t\t\t\t<input type=\"hidden\" name=\"queried_id\" value=\"398\"\/>\n\t\t\t\n\t\t\t<div class=\"elementor-form-fields-wrapper elementor-labels-\">\n\t\t\t\t\t\t\t\t<div class=\"elementor-field-type-text elementor-field-group elementor-column elementor-field-group-name elementor-col-100\">\n\t\t\t\t\t\t\t\t\t\t\t\t<label for=\"form-field-name\" class=\"elementor-field-label elementor-screen-only\">\n\t\t\t\t\t\t\t\tNom\t\t\t\t\t\t\t<\/label>\n\t\t\t\t\t\t\t\t\t\t\t\t\t\t<input size=\"1\" type=\"text\" name=\"form_fields[name]\" id=\"form-field-name\" class=\"elementor-field elementor-size-sm  elementor-field-textual\" placeholder=\"Nom\">\n\t\t\t\t\t\t\t\t\t\t\t<\/div>\n\t\t\t\t\t\t\t\t<div class=\"elementor-field-type-email elementor-field-group elementor-column elementor-field-group-email elementor-col-100 elementor-field-required\">\n\t\t\t\t\t\t\t\t\t\t\t\t<label for=\"form-field-email\" class=\"elementor-field-label elementor-screen-only\">\n\t\t\t\t\t\t\t\tCorreu electr\u00f2nic\t\t\t\t\t\t\t<\/label>\n\t\t\t\t\t\t\t\t\t\t\t\t\t\t<input size=\"1\" type=\"email\" name=\"form_fields[email]\" id=\"form-field-email\" class=\"elementor-field elementor-size-sm  elementor-field-textual\" placeholder=\"Correu electr\u00f2nic\" required=\"required\">\n\t\t\t\t\t\t\t\t\t\t\t<\/div>\n\t\t\t\t\t\t\t\t<div class=\"elementor-field-type-text elementor-field-group elementor-column elementor-field-group-message elementor-col-100\">\n\t\t\t\t\t\t\t\t\t\t\t\t<label for=\"form-field-message\" class=\"elementor-field-label elementor-screen-only\">\n\t\t\t\t\t\t\t\tMissatge\t\t\t\t\t\t\t<\/label>\n\t\t\t\t\t\t\t\t\t\t\t\t\t\t<input size=\"1\" type=\"text\" name=\"form_fields[message]\" id=\"form-field-message\" class=\"elementor-field elementor-size-sm  elementor-field-textual\" placeholder=\"Missatge\">\n\t\t\t\t\t\t\t\t\t\t\t<\/div>\n\t\t\t\t\t\t\t\t<div class=\"elementor-field-group elementor-column elementor-field-type-submit elementor-col-100 e-form__buttons\">\n\t\t\t\t\t<button class=\"elementor-button elementor-size-sm\" type=\"submit\">\n\t\t\t\t\t\t<span class=\"elementor-button-content-wrapper\">\n\t\t\t\t\t\t\t\t\t\t\t\t\t\t\t\t\t\t\t\t\t\t<span class=\"elementor-button-text\">Enviar<\/span>\n\t\t\t\t\t\t\t\t\t\t\t\t\t<\/span>\n\t\t\t\t\t<\/button>\n\t\t\t\t<\/div>\n\t\t\t<\/div>\n\t\t<\/form>\n\t\t\t\t\t\t<\/div>\n\t\t\t\t<\/div>\n\t\t\t\t\t<\/div>\n\t\t\t\t<\/div>\n\t\t<div class=\"elementor-element elementor-element-47c71518 e-flex e-con-boxed e-con e-parent\" data-id=\"47c71518\" data-element_type=\"container\" data-e-type=\"container\">\n\t\t\t\t\t<div class=\"e-con-inner\">\n\t\t\t\t<div class=\"elementor-element elementor-element-1a51d996 parrafo-altura elementor-widget elementor-widget-text-editor\" data-id=\"1a51d996\" data-element_type=\"widget\" data-e-type=\"widget\" data-widget_type=\"text-editor.default\">\n\t\t\t\t<div class=\"elementor-widget-container\">\n\t\t\t\t\t\t\t\t\t<p>Tamb\u00e9 pots seguir-nos a les nostres xarxes socials per estar al dia amb les nostres novetats, consells i esdeveniments especials.<br \/> El teu cam\u00ed espiritual \u00e9s important per a nosaltres, i som aqu\u00ed per guiar-te a cada pas. Esperem saber de tu aviat! <\/p>\n\t\t\t\t\t\t\t\t<\/div>\n\t\t\t\t<\/div>\n\t\t\t\t\t<\/div>\n\t\t\t\t<\/div>\n\t\t\t\t<\/div>\n\t\t","protected":false},"excerpt":{"rendered":"<p>Contacte Tens algun dubte o t&#8217;agradaria saber-ne m\u00e9s sobre nosaltres? Som aqu\u00ed per ajudar-te. Ja sigui que cerquis una consulta personalitzada, m\u00e9s informaci\u00f3 sobre el nostre m\u00f3n ocultista o simplement vulguis parlar sobre com millorar el teu benestar espiritual, no dubtis a contactar-nos. Pots posar-te en contacte amb nosaltres a trav\u00e9s dels seg\u00fcents mitjans Correu [&hellip;]<\/p>\n","protected":false},"author":1,"featured_media":0,"parent":0,"menu_order":0,"comment_status":"closed","ping_status":"closed","template":"","meta":{"footnotes":""},"class_list":["post-398","page","type-page","status-publish","hentry"],"yoast_head":"<!-- This site is optimized with the Yoast SEO plugin v27.3 - https:\/\/yoast.com\/product\/yoast-seo-wordpress\/ -->\n<title>Contacte - Mirada Interna<\/title>\n<meta name=\"robots\" content=\"index, follow, max-snippet:-1, max-image-preview:large, max-video-preview:-1\" \/>\n<link rel=\"canonical\" href=\"https:\/\/miradainterna.com\/ca\/contacte\/\" \/>\n<meta property=\"og:locale\" content=\"ca_ES\" \/>\n<meta property=\"og:type\" content=\"article\" \/>\n<meta property=\"og:title\" content=\"Contacte - Mirada Interna\" \/>\n<meta property=\"og:description\" content=\"Contacte Tens algun dubte o t&#8217;agradaria saber-ne m\u00e9s sobre nosaltres? Som aqu\u00ed per ajudar-te. Ja sigui que cerquis una consulta personalitzada, m\u00e9s informaci\u00f3 sobre el nostre m\u00f3n ocultista o simplement vulguis parlar sobre com millorar el teu benestar espiritual, no dubtis a contactar-nos. Pots posar-te en contacte amb nosaltres a trav\u00e9s dels seg\u00fcents mitjans Correu [&hellip;]\" \/>\n<meta property=\"og:url\" content=\"https:\/\/miradainterna.com\/ca\/contacte\/\" \/>\n<meta property=\"og:site_name\" content=\"Mirada Interna\" \/>\n<meta property=\"article:modified_time\" content=\"2025-01-22T16:35:18+00:00\" \/>\n<meta name=\"twitter:card\" content=\"summary_large_image\" \/>\n<meta name=\"twitter:label1\" content=\"Temps estimat de lectura\" \/>\n\t<meta name=\"twitter:data1\" content=\"1 minut\" \/>\n<script type=\"application\/ld+json\" class=\"yoast-schema-graph\">{\"@context\":\"https:\\\/\\\/schema.org\",\"@graph\":[{\"@type\":\"WebPage\",\"@id\":\"https:\\\/\\\/miradainterna.com\\\/ca\\\/contacte\\\/\",\"url\":\"https:\\\/\\\/miradainterna.com\\\/ca\\\/contacte\\\/\",\"name\":\"Contacte - Mirada Interna\",\"isPartOf\":{\"@id\":\"https:\\\/\\\/miradainterna.com\\\/ca\\\/#website\"},\"datePublished\":\"2024-12-31T12:18:56+00:00\",\"dateModified\":\"2025-01-22T16:35:18+00:00\",\"breadcrumb\":{\"@id\":\"https:\\\/\\\/miradainterna.com\\\/ca\\\/contacte\\\/#breadcrumb\"},\"inLanguage\":\"ca\",\"potentialAction\":[{\"@type\":\"ReadAction\",\"target\":[\"https:\\\/\\\/miradainterna.com\\\/ca\\\/contacte\\\/\"]}]},{\"@type\":\"BreadcrumbList\",\"@id\":\"https:\\\/\\\/miradainterna.com\\\/ca\\\/contacte\\\/#breadcrumb\",\"itemListElement\":[{\"@type\":\"ListItem\",\"position\":1,\"name\":\"Home\",\"item\":\"https:\\\/\\\/miradainterna.com\\\/ca\\\/\"},{\"@type\":\"ListItem\",\"position\":2,\"name\":\"Contacte\"}]},{\"@type\":\"WebSite\",\"@id\":\"https:\\\/\\\/miradainterna.com\\\/ca\\\/#website\",\"url\":\"https:\\\/\\\/miradainterna.com\\\/ca\\\/\",\"name\":\"Mirada Interna\",\"description\":\"\",\"publisher\":{\"@id\":\"https:\\\/\\\/miradainterna.com\\\/ca\\\/#organization\"},\"potentialAction\":[{\"@type\":\"SearchAction\",\"target\":{\"@type\":\"EntryPoint\",\"urlTemplate\":\"https:\\\/\\\/miradainterna.com\\\/ca\\\/?s={search_term_string}\"},\"query-input\":{\"@type\":\"PropertyValueSpecification\",\"valueRequired\":true,\"valueName\":\"search_term_string\"}}],\"inLanguage\":\"ca\"},{\"@type\":\"Organization\",\"@id\":\"https:\\\/\\\/miradainterna.com\\\/ca\\\/#organization\",\"name\":\"Mirada Interna\",\"url\":\"https:\\\/\\\/miradainterna.com\\\/ca\\\/\",\"logo\":{\"@type\":\"ImageObject\",\"inLanguage\":\"ca\",\"@id\":\"https:\\\/\\\/miradainterna.com\\\/ca\\\/#\\\/schema\\\/logo\\\/image\\\/\",\"url\":\"https:\\\/\\\/miradainterna.com\\\/wp-content\\\/uploads\\\/2024\\\/12\\\/logo_miradainterna.png\",\"contentUrl\":\"https:\\\/\\\/miradainterna.com\\\/wp-content\\\/uploads\\\/2024\\\/12\\\/logo_miradainterna.png\",\"width\":887,\"height\":891,\"caption\":\"Mirada Interna\"},\"image\":{\"@id\":\"https:\\\/\\\/miradainterna.com\\\/ca\\\/#\\\/schema\\\/logo\\\/image\\\/\"}}]}<\/script>\n<!-- \/ Yoast SEO plugin. -->","yoast_head_json":{"title":"Contacte - Mirada Interna","robots":{"index":"index","follow":"follow","max-snippet":"max-snippet:-1","max-image-preview":"max-image-preview:large","max-video-preview":"max-video-preview:-1"},"canonical":"https:\/\/miradainterna.com\/ca\/contacte\/","og_locale":"ca_ES","og_type":"article","og_title":"Contacte - Mirada Interna","og_description":"Contacte Tens algun dubte o t&#8217;agradaria saber-ne m\u00e9s sobre nosaltres? Som aqu\u00ed per ajudar-te. Ja sigui que cerquis una consulta personalitzada, m\u00e9s informaci\u00f3 sobre el nostre m\u00f3n ocultista o simplement vulguis parlar sobre com millorar el teu benestar espiritual, no dubtis a contactar-nos. Pots posar-te en contacte amb nosaltres a trav\u00e9s dels seg\u00fcents mitjans Correu [&hellip;]","og_url":"https:\/\/miradainterna.com\/ca\/contacte\/","og_site_name":"Mirada Interna","article_modified_time":"2025-01-22T16:35:18+00:00","twitter_card":"summary_large_image","twitter_misc":{"Temps estimat de lectura":"1 minut"},"schema":{"@context":"https:\/\/schema.org","@graph":[{"@type":"WebPage","@id":"https:\/\/miradainterna.com\/ca\/contacte\/","url":"https:\/\/miradainterna.com\/ca\/contacte\/","name":"Contacte - Mirada Interna","isPartOf":{"@id":"https:\/\/miradainterna.com\/ca\/#website"},"datePublished":"2024-12-31T12:18:56+00:00","dateModified":"2025-01-22T16:35:18+00:00","breadcrumb":{"@id":"https:\/\/miradainterna.com\/ca\/contacte\/#breadcrumb"},"inLanguage":"ca","potentialAction":[{"@type":"ReadAction","target":["https:\/\/miradainterna.com\/ca\/contacte\/"]}]},{"@type":"BreadcrumbList","@id":"https:\/\/miradainterna.com\/ca\/contacte\/#breadcrumb","itemListElement":[{"@type":"ListItem","position":1,"name":"Home","item":"https:\/\/miradainterna.com\/ca\/"},{"@type":"ListItem","position":2,"name":"Contacte"}]},{"@type":"WebSite","@id":"https:\/\/miradainterna.com\/ca\/#website","url":"https:\/\/miradainterna.com\/ca\/","name":"Mirada Interna","description":"","publisher":{"@id":"https:\/\/miradainterna.com\/ca\/#organization"},"potentialAction":[{"@type":"SearchAction","target":{"@type":"EntryPoint","urlTemplate":"https:\/\/miradainterna.com\/ca\/?s={search_term_string}"},"query-input":{"@type":"PropertyValueSpecification","valueRequired":true,"valueName":"search_term_string"}}],"inLanguage":"ca"},{"@type":"Organization","@id":"https:\/\/miradainterna.com\/ca\/#organization","name":"Mirada Interna","url":"https:\/\/miradainterna.com\/ca\/","logo":{"@type":"ImageObject","inLanguage":"ca","@id":"https:\/\/miradainterna.com\/ca\/#\/schema\/logo\/image\/","url":"https:\/\/miradainterna.com\/wp-content\/uploads\/2024\/12\/logo_miradainterna.png","contentUrl":"https:\/\/miradainterna.com\/wp-content\/uploads\/2024\/12\/logo_miradainterna.png","width":887,"height":891,"caption":"Mirada Interna"},"image":{"@id":"https:\/\/miradainterna.com\/ca\/#\/schema\/logo\/image\/"}}]}},"_links":{"self":[{"href":"https:\/\/miradainterna.com\/ca\/wp-json\/wp\/v2\/pages\/398","targetHints":{"allow":["GET"]}}],"collection":[{"href":"https:\/\/miradainterna.com\/ca\/wp-json\/wp\/v2\/pages"}],"about":[{"href":"https:\/\/miradainterna.com\/ca\/wp-json\/wp\/v2\/types\/page"}],"author":[{"embeddable":true,"href":"https:\/\/miradainterna.com\/ca\/wp-json\/wp\/v2\/users\/1"}],"replies":[{"embeddable":true,"href":"https:\/\/miradainterna.com\/ca\/wp-json\/wp\/v2\/comments?post=398"}],"version-history":[{"count":0,"href":"https:\/\/miradainterna.com\/ca\/wp-json\/wp\/v2\/pages\/398\/revisions"}],"wp:attachment":[{"href":"https:\/\/miradainterna.com\/ca\/wp-json\/wp\/v2\/media?parent=398"}],"curies":[{"name":"wp","href":"https:\/\/api.w.org\/{rel}","templated":true}]}}